{"id":2216,"date":"2013-08-11T19:22:53","date_gmt":"2013-08-11T16:22:53","guid":{"rendered":"https:\/\/www.nihoruz.com.tr\/contact\/"},"modified":"2023-12-29T16:03:07","modified_gmt":"2023-12-29T13:03:07","slug":"contact","status":"publish","type":"page","link":"https:\/\/www.nihoruz.com.tr\/en\/contact\/","title":{"rendered":"Contact"},"content":{"rendered":"\n\n\n<style>\n\t#Canvas{position:relative; left:0px; width:auto; min-height:860px; top:0px; margin:0px; margin-right:0px; margin-top:0px; padding:0px; overflow:hidden;}\n\t#MapsCanvas{position:relative; width:100%; min-height:860px; top:0px; margin:0px; padding:0px; overflow:hidden; draggable:false;}\n\t\t.MapsCanvas_Icerik{position:relative; min-width:200px; max-width:300px; height:auto; top:0px; margin:0px; padding:0px; overflow:hidden;}\n\t\t.MapsCanvas_Icerik_Baslik{padding:0px; margin:0px; font-family:\"NexaRegular\"; font-size:20px; line-height:25px; color:#212121; text-decoration:none; display:block;}\n\t\t.MapsCanvas_Icerik_Aciklama{padding:0px; margin:0px; font-family:\"NexaLight\"; font-size:16px; line-height:25px; color:#212121; text-decoration:none; display:block;}\n\t\t\t\n\t#Main_Harita{width:100%; height:350px; position:relative; float:left; display:flex; margin:0px; padding:0px; overflow:hidden; text-align:center; justify-content: center;}\n\t\t#Canvas_Iletisim{position:relative; width:100%; min-height:350px; top:0px; margin:0px;  padding:0px; overflow:hidden;}\n\t\t#Iletisim_Maps{padding:0px; margin:0px; width:100%; min-height:350px; text-align:left; display:block; -moz-transition:all 0.5s ease; -webkit-transition:all 0.5s ease; -o-transition:all 0.5s ease; transition:all 0.5s ease;}\n<\/style>\n<div id=\"Main_Harita\">\n        <div id=\"Canvas_Iletisim\">\n            <div id=\"Iletisim_Maps\"><\/div>\n        <\/div>\n    <\/div>\n\n<script>\nfunction initMap() {var map = new google.maps.Map(document.getElementById('Iletisim_Maps'), {zoom: 7,center: {lat: 41.003730, lng: 32.679291},styles:[{\"stylers\":[{\"saturation\": -100}]}]}); setMarkers(map);}\n\tvar beaches = [['Merkez', 41.298717, 36.331178, 1],['Fabrika', 40.806368, 35.417597, 2],['Fabrika', 41.462565, 27.806323, 3]];\n\tfunction setMarkers(map) {var image = {url: 'https:\/\/www.nihoruz.com.tr\/images\/marker.png',size: new google.maps.Size(40, 40),origin: new google.maps.Point(0, 0),anchor: new google.maps.Point(0, 40)};\n\tvar shape = {coords: [1, 1, 1, 20, 18, 20, 18, 1],type: 'poly'};\n\tfor (var i = 0; i <beaches.length; i++) {var beach = beaches[i]; var marker = new google.maps.Marker({position: {lat: beach[1], lng: beach[2]},map: map,icon: image,shape: shape,title: beach[0],zIndex: beach[3]}); } } <\/script>\n<script type=\"text\/javascript\" src=\"https:\/\/maps.googleapis.com\/maps\/api\/js?key=AIzaSyArZccGkL5eeXu08e03AsnCnBune0hc0EY&amp;callback=initMap\"><\/script>\n<script type=\"text\/javascript\">\n$(document).ready(function(){$(\"#Iletisim_Maps\").addClass(\"scrolloff\"),$(\"#Canvas_Iletisim\").on(\"click\",function(){$(\"#Iletisim_Maps\").removeClass(\"scrolloff\")}),$(\"#Iletisim_Maps\").mouseleave(function(){$(\"#Iletisim_Maps\").addClass(\"scrolloff\")})});\n<\/script>\n\n\t<div id=\"gap-391703519\" class=\"gap-element clearfix\" style=\"display:block; height:auto;\">\n\t\t\n<style>\n#gap-391703519 {\n  padding-top: 3rem;\n}\n<\/style>\n\t<\/div>\n\t\n\n<div class=\"container section-title-container\" ><h2 class=\"section-title section-title-center\"><b aria-hidden=\"true\"><\/b><span class=\"section-title-main\" style=\"font-size:140%;color:rgb(243, 174, 93);\">Contact<\/span><b aria-hidden=\"true\"><\/b><\/h2><\/div>\n\n<div class=\"row\"  id=\"row-2118716903\">\n\n\n\t<div id=\"col-33860965\" class=\"col medium-4 large-4\"  >\n\t\t\t\t<div class=\"col-inner\"  >\n\t\t\t\n\t\t\t\n\n<div class=\"container section-title-container\" ><h2 class=\"section-title section-title-center\"><b aria-hidden=\"true\"><\/b><span class=\"section-title-main\" style=\"color:rgb(243, 174, 93);\">Main Factory (Saray)<\/span><b aria-hidden=\"true\"><\/b><\/h2><\/div>\n\n\t<div id=\"text-3992358255\" class=\"text\">\n\t\t\n\n<p>Karab\u00fcr\u00e7ek Mah. Yuval\u0131 Yolu, Karab\u00fcr\u00e7ek K\u00f6y\u00fc Saray \/ Tekirda\u011f<\/p>\n\t\t\n<style>\n#text-3992358255 {\n  text-align: center;\n}\n<\/style>\n\t<\/div>\n\t\n\t<div id=\"text-2108520586\" class=\"text\">\n\t\t\n\n<p><a href=\"mailto:info@nihoruz.com.tr\">export@nihoruz.com<\/a><\/p>\n\t\t\n<style>\n#text-2108520586 {\n  text-align: center;\n}\n<\/style>\n\t<\/div>\n\t\n\t<div id=\"text-3904976926\" class=\"text\">\n\t\t\n\n<p><strong>Phone<\/strong><br>\n<span><a href=\"tel:905439724114\">+90 543 972 41 14<\/a><\/span><\/p>\n\n\t\t\n<style>\n#text-3904976926 {\n  text-align: center;\n}\n<\/style>\n\t<\/div>\n\t\n\n\t\t<\/div>\n\t\t\t\t\t<\/div>\n\n\t\n\n\t<div id=\"col-672961076\" class=\"col medium-4 large-4\"  >\n\t\t\t\t<div class=\"col-inner\"  >\n\t\t\t\n\t\t\t\n\n<div class=\"container section-title-container\" ><h2 class=\"section-title section-title-center\"><b aria-hidden=\"true\"><\/b><span class=\"section-title-main\" style=\"color:rgb(243, 174, 93);\">Factory (Merzifon)<\/span><b aria-hidden=\"true\"><\/b><\/h2><\/div>\n\n\t<div id=\"text-3271490910\" class=\"text\">\n\t\t\n\n<p>Mehmet Akif Ersoy Mah. Ankara Cad. Hayrettin K\u00f6y\u00fc Merzifon \/ AMASYA<\/p>\n\t\t\n<style>\n#text-3271490910 {\n  text-align: center;\n}\n<\/style>\n\t<\/div>\n\t\n\t<div id=\"text-1255567951\" class=\"text\">\n\t\t\n\n<p><a href=\"mailto:info@nihoruz.com.tr\">export@nihoruz.com<\/a><\/p>\n\t\t\n<style>\n#text-1255567951 {\n  text-align: center;\n}\n<\/style>\n\t<\/div>\n\t\n\t<div id=\"text-1565442668\" class=\"text\">\n\t\t\n\n<p><strong>Phone<\/strong><br>\n<span><a href=\"tel:05496199959\">+90 (549) 619 99 59<\/a><br>\n<\/span><\/p>\n\n\t\t\n<style>\n#text-1565442668 {\n  text-align: center;\n}\n<\/style>\n\t<\/div>\n\t\n\n\t\t<\/div>\n\t\t\t\t\t<\/div>\n\n\t\n\n\t<div id=\"col-1590569498\" class=\"col medium-4 large-4\"  >\n\t\t\t\t<div class=\"col-inner\"  >\n\t\t\t\n\t\t\t\n\n<div class=\"container section-title-container\" ><h2 class=\"section-title section-title-center\"><b aria-hidden=\"true\"><\/b><span class=\"section-title-main\" style=\"color:rgb(243, 174, 93);\">Samsun<\/span><b aria-hidden=\"true\"><\/b><\/h2><\/div>\n\n\t<div id=\"text-1059903164\" class=\"text\">\n\t\t\n\n<p>Han\u00e7erli Mahallesi Necipbey Cad. No:100 (Zafer Vergi Dairesi Arkas\u0131) \u0130lkad\u0131m \/ SAMSUN<\/p>\n\t\t\n<style>\n#text-1059903164 {\n  text-align: center;\n}\n<\/style>\n\t<\/div>\n\t\n\t<div id=\"text-3438602398\" class=\"text\">\n\t\t\n\n<p><a href=\"mailto:info@nihoruz.com.tr\">export@nihoruz.com<\/a><\/p>\n\t\t\n<style>\n#text-3438602398 {\n  text-align: center;\n}\n<\/style>\n\t<\/div>\n\t\n\t<div id=\"text-2875623129\" class=\"text\">\n\t\t\n\n<p><strong>Phone<\/strong><br>\n<span><a href=\"tel:903624475020\">+90 (362) 447 50 20  <\/a><br>\n<a href=\"tel:903624475080\">+90 (362) 447 50 80<\/a><\/span><\/p>\n\n\t\t\n<style>\n#text-2875623129 {\n  text-align: center;\n}\n<\/style>\n\t<\/div>\n\t\n\t<div id=\"text-2892325434\" class=\"text\">\n\t\t\n\n<p><strong>Fax<\/strong><br><a href=\"tel:903624475025\">+90 (362) 447 50 25<\/a><\/p>\n\n\t\t\n<style>\n#text-2892325434 {\n  text-align: center;\n}\n<\/style>\n\t<\/div>\n\t\n\n\t\t<\/div>\n\t\t\t\t\t<\/div>\n\n\t\n\n<\/div>\n\n\t<section class=\"section has-parallax\" id=\"section_1822656731\">\n\t\t<div class=\"section-bg fill\" data-parallax-container=\".section\" data-parallax-background data-parallax=\"-6\">\n\t\t\t<img loading=\"lazy\" decoding=\"async\" width=\"1200\" height=\"800\" src=\"https:\/\/www.nihoruz.com.tr\/wp-content\/uploads\/2023\/09\/nihoruz_haberler_03_01.webp\" class=\"bg attachment- size-\" alt=\"Merzifon&#039;daki Fabrikam\u0131z\" \/>\t\t\t\t\t\t\n\t\t\t\n\n\t\t<\/div>\n\n\t\t\t<div class=\"ux-shape-divider ux-shape-divider--top ux-shape-divider--style-curve-invert\">\n\t\t<svg viewBox=\"0 0 1000 100\" xmlns=\"http:\/\/www.w3.org\/2000\/svg\" preserveAspectRatio=\"none\">\n\t<path class=\"ux-shape-fill\" d=\"M500 47.0297C184.4 47.0297 -26 100 -26 100H1026C1026 100 815.6 47.0297 500 47.0297ZM1026 -5.94059H-26V-7H1026V-5.94059Z\"\/>\n<\/svg>\n\n\t<\/div>\n\n\t<div class=\"ux-shape-divider ux-shape-divider--bottom ux-shape-divider--style-curve-invert\">\n\t\t<svg viewBox=\"0 0 1000 100\" xmlns=\"http:\/\/www.w3.org\/2000\/svg\" preserveAspectRatio=\"none\">\n\t<path class=\"ux-shape-fill\" d=\"M500 47.0297C184.4 47.0297 -26 100 -26 100H1026C1026 100 815.6 47.0297 500 47.0297ZM1026 -5.94059H-26V-7H1026V-5.94059Z\"\/>\n<\/svg>\n\n\t<\/div>\n\n\t\t<div class=\"section-content relative\">\n\t\t\t\n\n<div class=\"row row-collapse align-center\"  id=\"row-242322017\">\n\n\n\t<div id=\"col-1881246182\" class=\"col medium-8 small-12 large-6\"  >\n\t\t\t\t<div class=\"col-inner text-center\" style=\"background-color:rgba(255, 255, 255, 0.84);\" >\n\t\t\t\n\t\t\t\n\n<h1>Contact us<\/h1>\n\t<div id=\"gap-1256935120\" class=\"gap-element clearfix\" style=\"display:block; height:auto;\">\n\t\t\n<style>\n#gap-1256935120 {\n  padding-top: 10px;\n}\n<\/style>\n\t<\/div>\n\t\n\n\n<div class=\"wpcf7 no-js\" id=\"wpcf7-f2250-o1\" lang=\"en-US\" dir=\"ltr\" data-wpcf7-id=\"2250\">\n<div class=\"screen-reader-response\"><p role=\"status\" aria-live=\"polite\" aria-atomic=\"true\"><\/p> <ul><\/ul><\/div>\n<form action=\"\/en\/wp-json\/wp\/v2\/pages\/2216#wpcf7-f2250-o1\" method=\"post\" class=\"wpcf7-form init\" aria-label=\"Contact form\" novalidate=\"novalidate\" data-status=\"init\">\n<fieldset class=\"hidden-fields-container\"><input type=\"hidden\" name=\"_wpcf7\" value=\"2250\" \/><input type=\"hidden\" name=\"_wpcf7_version\" value=\"6.1.5\" \/><input type=\"hidden\" name=\"_wpcf7_locale\" value=\"en_US\" \/><input type=\"hidden\" name=\"_wpcf7_unit_tag\" value=\"wpcf7-f2250-o1\" \/><input type=\"hidden\" name=\"_wpcf7_container_post\" value=\"0\" \/><input type=\"hidden\" name=\"_wpcf7_posted_data_hash\" value=\"\" \/>\n<\/fieldset>\n<div class=\"form-flat\">\n\t<p><span class=\"wpcf7-form-control-wrap\" data-name=\"your-name\"><input size=\"40\" maxlength=\"400\" class=\"wpcf7-form-control wpcf7-text wpcf7-validates-as-required\" autocomplete=\"name\" aria-required=\"true\" aria-invalid=\"false\" placeholder=\"* Name and Surname\" value=\"\" type=\"text\" name=\"your-name\" \/><\/span>\n\t<\/p>\n\t<p><span class=\"wpcf7-form-control-wrap\" data-name=\"your-email\"><input size=\"40\" maxlength=\"400\" class=\"wpcf7-form-control wpcf7-email wpcf7-validates-as-required wpcf7-text wpcf7-validates-as-email\" aria-required=\"true\" aria-invalid=\"false\" placeholder=\"* E-Mail\" value=\"\" type=\"email\" name=\"your-email\" \/><\/span>\n\t<\/p>\n\t<p><span class=\"wpcf7-form-control-wrap\" data-name=\"telefon\"><input size=\"40\" maxlength=\"400\" class=\"wpcf7-form-control wpcf7-tel wpcf7-validates-as-required wpcf7-text wpcf7-validates-as-tel\" aria-required=\"true\" aria-invalid=\"false\" placeholder=\"* Phone\" value=\"\" type=\"tel\" name=\"telefon\" \/><\/span>\n\t<\/p>\n\t<p><span class=\"wpcf7-form-control-wrap\" data-name=\"your-message\"><textarea cols=\"40\" rows=\"10\" maxlength=\"2000\" class=\"wpcf7-form-control wpcf7-textarea\" autocomplete=\"email\" aria-invalid=\"false\" placeholder=\"* Message\" name=\"your-message\"><\/textarea><\/span>\n\t<\/p>\n\t<p><input class=\"wpcf7-form-control wpcf7-submit has-spinner button\" type=\"submit\" value=\"G\u00f6nder\" \/>\n\t<\/p>\n<\/div><div class=\"wpcf7-response-output\" aria-hidden=\"true\"><\/div>\n<\/form>\n<\/div>\n\n\n\n\t\t<\/div>\n\t\t\t\t\n<style>\n#col-1881246182 > .col-inner {\n  padding: 50px 30px 10px 30px;\n  border-radius: 10px;\n}\n@media (min-width:550px) {\n  #col-1881246182 > .col-inner {\n    padding: 70px 70px 30px 70px;\n  }\n}\n<\/style>\n\t<\/div>\n\n\t\n\n<\/div>\n\n\t\t<\/div>\n\n\t\t\n<style>\n#section_1822656731 {\n  padding-top: 60px;\n  padding-bottom: 60px;\n  min-height: 350px;\n}\n#section_1822656731 .section-bg img {\n  object-position: 50% 50%;\n}\n#section_1822656731 .ux-shape-divider--top svg {\n  height: 80px;\n  --divider-top-width: 100%;\n}\n#section_1822656731 .ux-shape-divider--bottom svg {\n  height: 80px;\n  --divider-width: 100%;\n}\n@media (min-width:550px) {\n  #section_1822656731 {\n    padding-top: 80px;\n    padding-bottom: 80px;\n  }\n}\n<\/style>\n\t<\/section>\n\t\n\t<div id=\"gap-401193130\" class=\"gap-element clearfix\" style=\"display:block; height:auto;\">\n\t\t\n<style>\n#gap-401193130 {\n  padding-top: 3rem;\n}\n<\/style>\n\t<\/div>\n\t\n\n\n\t<section class=\"section has-mask mask-arrow\" id=\"section_1260702498\">\n\t\t<div class=\"section-bg fill\" >\n\t\t\t\t\t\t\t\t\t\n\t\t\t\n\n\t\t<\/div>\n\n\t\t\n\n\t\t<div class=\"section-content relative\">\n\t\t\t\r\n\r\n<div class=\"row row-collapse row-full-width align-center\"  id=\"row-1738718108\">\r\n\r\n\n\t<div id=\"col-1229143119\" class=\"col medium-6 small-12 large-6\"  >\n\t\t\t\t<div class=\"col-inner text-center dark\" style=\"background-color:#f3ae5d;\" >\n\t\t\t\n\t\t\t\r\n\r\n\t<div id=\"text-2447640360\" class=\"text\">\n\t\t\r\n<p style=\"margin-bottom: 0px; font-size: 110%; font-weight: bold;\">online<\/p>\n\n<h2 style=\"margin-bottom: 0px;\"><a href=\"https:\/\/www.nihoruz.com.tr\/en\/catalog\/\">Product Catalog<\/a><\/h2>\r\n\t\t\n<style>\n#text-2447640360 {\n  text-align: center;\n  color: rgb(0,0,0);\n}\n#text-2447640360 > * {\n  color: rgb(0,0,0);\n}\n@media (min-width:550px) {\n  #text-2447640360 {\n    text-align: right;\n  }\n}\n<\/style>\n\t<\/div>\n\t\r\n\t<div id=\"text-1143064046\" class=\"text\">\n\t\t\r\n\r\n<a href=\"https:\/\/www.nihoruz.com.tr\/en\/catalog\/\">please click<\/a>\r\n\t\t\n<style>\n#text-1143064046 {\n  text-align: center;\n  color: rgb(255, 255, 255);\n}\n#text-1143064046 > * {\n  color: rgb(255, 255, 255);\n}\n@media (min-width:550px) {\n  #text-1143064046 {\n    text-align: right;\n  }\n}\n<\/style>\n\t<\/div>\n\t\r\n\r\n\t\t<\/div>\n\t\t\t\t\n<style>\n#col-1229143119 > .col-inner {\n  padding: 0px 8px 0px 0px;\n  margin: 0px 0px 100px 0px;\n}\n<\/style>\n\t<\/div>\n\n\t\r\n\n\t<div id=\"col-272164306\" class=\"col medium-6 small-12 large-6\"  >\n\t\t\t\t<div class=\"col-inner text-center dark\" style=\"background-color:#7a9c59;\" >\n\t\t\t\n\t\t\t\r\n\r\n\t<div id=\"text-2226394277\" class=\"text\">\n\t\t\r\n<p style=\"margin-bottom: 0px; font-size: 110%; font-weight: bold;\">online<\/p>\n\n<h2 style=\"margin-bottom: 0px;\"><a href=\"https:\/\/www.nihoruz.com.tr\/en\/order\/\">Order Form<\/a><\/h2>\r\n\t\t\n<style>\n#text-2226394277 {\n  text-align: center;\n  color: rgb(255, 255, 255);\n}\n#text-2226394277 > * {\n  color: rgb(255, 255, 255);\n}\n@media (min-width:550px) {\n  #text-2226394277 {\n    text-align: left;\n  }\n}\n<\/style>\n\t<\/div>\n\t\r\n\t<div id=\"text-1105969676\" class=\"text\">\n\t\t\r\n\r\n<a href=\"https:\/\/www.nihoruz.com.tr\/en\/order\/\">please click<\/a>\r\n\t\t\n<style>\n#text-1105969676 {\n  text-align: center;\n  color: rgb(0, 0, 0);\n}\n#text-1105969676 > * {\n  color: rgb(0, 0, 0);\n}\n@media (min-width:550px) {\n  #text-1105969676 {\n    text-align: left;\n  }\n}\n<\/style>\n\t<\/div>\n\t\r\n\r\n\t\t<\/div>\n\t\t\t\t\t<\/div>\n\n\t\r\n\r\n\n<style>\n#row-1738718108 > .col > .col-inner {\n  padding: 35px 30px 35px 30px;\n}\n@media (min-width:550px) {\n  #row-1738718108 > .col > .col-inner {\n    padding: 35px 30px 35px 30px;\n  }\n}\n<\/style>\n<\/div>\r\n<div class=\"row row-collapse row-full-width\"  id=\"row-181972049\">\r\n\r\n\n\t<div id=\"col-1513013881\" class=\"col medium-6 small-12 large-6\"  >\n\t\t\t\t<div class=\"col-inner text-center\"  >\n\t\t\t\n\t\t\t\r\n\r\n\t<div class=\"img has-hover x md-x lg-x y md-y lg-y\" id=\"image_1107753162\">\n\t\t\t\t\t\t\t\t<div class=\"img-inner dark\" >\n\t\t\t<img loading=\"lazy\" decoding=\"async\" width=\"500\" height=\"180\" src=\"https:\/\/www.nihoruz.com.tr\/wp-content\/uploads\/2016\/08\/online_urun_katalogu.webp\" class=\"attachment-original size-original\" alt=\"\" \/>\t\t\t\t\t\t\n\t\t\t\t\t<\/div>\n\t\t\t\t\t\t\t\t\n<style>\n#image_1107753162 {\n  width: 65%;\n}\n@media (min-width:550px) {\n  #image_1107753162 {\n    width: 70%;\n  }\n}\n<\/style>\n\t<\/div>\n\t\r\n\r\n\t\t<\/div>\n\t\t\t\t\n<style>\n#col-1513013881 > .col-inner {\n  margin: -290px 0px 0px 20px;\n}\n@media (min-width:550px) {\n  #col-1513013881 > .col-inner {\n    margin: -140px 0px 0px 0px;\n  }\n}\n<\/style>\n\t<\/div>\n\n\t\r\n\n\t<div id=\"col-1400676006\" class=\"col medium-6 small-12 large-6\"  >\n\t\t\t\t<div class=\"col-inner text-center\"  >\n\t\t\t\n\t\t\t\r\n\r\n\t<div class=\"img has-hover x md-x lg-x y md-y lg-y\" id=\"image_1319664687\">\n\t\t\t\t\t\t\t\t<div class=\"img-inner dark\" >\n\t\t\t<img loading=\"lazy\" decoding=\"async\" width=\"500\" height=\"180\" src=\"https:\/\/www.nihoruz.com.tr\/wp-content\/uploads\/2016\/08\/online_siparis_formu.webp\" class=\"attachment-original size-original\" alt=\"\" \/>\t\t\t\t\t\t\n\t\t\t\t\t<\/div>\n\t\t\t\t\t\t\t\t\n<style>\n#image_1319664687 {\n  width: 65%;\n}\n@media (min-width:550px) {\n  #image_1319664687 {\n    width: 70%;\n  }\n}\n<\/style>\n\t<\/div>\n\t\r\n\r\n\t\t<\/div>\n\t\t\t\t\n<style>\n#col-1400676006 > .col-inner {\n  margin: -40px 0px 0px 20px;\n}\n@media (min-width:550px) {\n  #col-1400676006 > .col-inner {\n    margin: -140px 0px 0px 50px;\n  }\n}\n<\/style>\n\t<\/div>\n\n\t\r\n\r\n<\/div>\r\n\r\n\t\t<\/div>\n\n\t\t\n<style>\n#section_1260702498 {\n  padding-top: 1rem;\n  padding-bottom: 1rem;\n}\n<\/style>\n\t<\/section>\n\t\n\n\n","protected":false},"excerpt":{"rendered":"","protected":false},"author":1,"featured_media":1763,"parent":0,"menu_order":0,"comment_status":"closed","ping_status":"closed","template":"page-blank.php","meta":{"footnotes":""},"class_list":["post-2216","page","type-page","status-publish","has-post-thumbnail","hentry"],"_links":{"self":[{"href":"https:\/\/www.nihoruz.com.tr\/en\/wp-json\/wp\/v2\/pages\/2216","targetHints":{"allow":["GET"]}}],"collection":[{"href":"https:\/\/www.nihoruz.com.tr\/en\/wp-json\/wp\/v2\/pages"}],"about":[{"href":"https:\/\/www.nihoruz.com.tr\/en\/wp-json\/wp\/v2\/types\/page"}],"author":[{"embeddable":true,"href":"https:\/\/www.nihoruz.com.tr\/en\/wp-json\/wp\/v2\/users\/1"}],"replies":[{"embeddable":true,"href":"https:\/\/www.nihoruz.com.tr\/en\/wp-json\/wp\/v2\/comments?post=2216"}],"version-history":[{"count":0,"href":"https:\/\/www.nihoruz.com.tr\/en\/wp-json\/wp\/v2\/pages\/2216\/revisions"}],"wp:featuredmedia":[{"embeddable":true,"href":"https:\/\/www.nihoruz.com.tr\/en\/wp-json\/wp\/v2\/media\/1763"}],"wp:attachment":[{"href":"https:\/\/www.nihoruz.com.tr\/en\/wp-json\/wp\/v2\/media?parent=2216"}],"curies":[{"name":"wp","href":"https:\/\/api.w.org\/{rel}","templated":true}]}}