{"id":2791,"date":"2023-10-05T16:50:42","date_gmt":"2023-10-05T13:50:42","guid":{"rendered":"https:\/\/www.nihoruz.com.tr\/?post_type=product&#038;p=2791"},"modified":"2025-09-27T08:56:50","modified_gmt":"2025-09-27T05:56:50","slug":"tahsilat","status":"publish","type":"product","link":"https:\/\/www.nihoruz.com.tr\/en\/urun\/tahsilat\/","title":{"rendered":"\u00d6n \u00d6demeli \u00c7ekim"},"content":{"rendered":"","protected":false},"excerpt":{"rendered":"<p>Tahsilat i\u00e7in tutar giriniz<\/p>\n","protected":false},"featured_media":2973,"template":"","meta":[],"product_brand":[],"product_cat":[73],"product_tag":[],"class_list":{"0":"post-2791","1":"product","2":"type-product","3":"status-publish","4":"has-post-thumbnail","6":"product_cat-tahsilat","8":"first","9":"instock","10":"virtual","11":"sold-individually","12":"purchasable","13":"product-type-simple"},"_links":{"self":[{"href":"https:\/\/www.nihoruz.com.tr\/en\/wp-json\/wp\/v2\/product\/2791","targetHints":{"allow":["GET"]}}],"collection":[{"href":"https:\/\/www.nihoruz.com.tr\/en\/wp-json\/wp\/v2\/product"}],"about":[{"href":"https:\/\/www.nihoruz.com.tr\/en\/wp-json\/wp\/v2\/types\/product"}],"wp:featuredmedia":[{"embeddable":true,"href":"https:\/\/www.nihoruz.com.tr\/en\/wp-json\/wp\/v2\/media\/2973"}],"wp:attachment":[{"href":"https:\/\/www.nihoruz.com.tr\/en\/wp-json\/wp\/v2\/media?parent=2791"}],"wp:term":[{"taxonomy":"product_brand","embeddable":true,"href":"https:\/\/www.nihoruz.com.tr\/en\/wp-json\/wp\/v2\/product_brand?post=2791"},{"taxonomy":"product_cat","embeddable":true,"href":"https:\/\/www.nihoruz.com.tr\/en\/wp-json\/wp\/v2\/product_cat?post=2791"},{"taxonomy":"product_tag","embeddable":true,"href":"https:\/\/www.nihoruz.com.tr\/en\/wp-json\/wp\/v2\/product_tag?post=2791"}],"curies":[{"name":"wp","href":"https:\/\/api.w.org\/{rel}","templated":true}]}}